{"id":13,"date":"2019-05-04T21:13:22","date_gmt":"2019-05-04T21:13:22","guid":{"rendered":"http:\/\/192.168.24.102\/?page_id=13"},"modified":"2019-05-04T21:13:23","modified_gmt":"2019-05-04T21:13:23","slug":"qui-sommes-nous","status":"publish","type":"page","link":"https:\/\/www.raadconsulting.fr\/","title":{"rendered":"Qui sommes nous ?"},"content":{"rendered":"\n<p>RaaD consulting&nbsp;est une soci\u00e9t\u00e9 de \nservice informatique fran\u00e7aise bas\u00e9e \u00e0 Paris. Elle offre une large gamme\n de services couvrant quasiment tous les besoins reli\u00e9s aux technologies\n de l\u2019information.<\/p>\n\n\n\n<p>La soci\u00e9t\u00e9 propose d\u2019accompagner ses \nclients dans leur d\u00e9finition du besoin, la conception de solution et \nd\u2019infrastructure ainsi que sa mise en oeuvre tout en assurant un \nexcellent retour sur investissement.<\/p>\n\n\n\n<p>RaaD consulting&nbsp;rel\u00e8ve le d\u00e9fi de garantir \u00e0 ses clients la performance et la qualit\u00e9 de leur syst\u00e8me d\u2019information.<\/p>\n","protected":false},"excerpt":{"rendered":"<p>RaaD consulting&nbsp;est une soci\u00e9t\u00e9 de service informatique fran\u00e7aise bas\u00e9e \u00e0 Paris. Elle offre une large gamme de services couvrant quasiment tous les besoins reli\u00e9s aux technologies de l\u2019information. La soci\u00e9t\u00e9 propose d\u2019accompagner ses clients dans leur d\u00e9finition du besoin, la conception de solution et d\u2019infrastructure ainsi que sa mise en oeuvre tout en assurant un excellent retour sur investissement. RaaD&#8230; <a href=\"https:\/\/www.raadconsulting.fr\/\">Read more &raquo;<\/a><\/p>\n","protected":false},"author":1,"featured_media":0,"parent":0,"menu_order":0,"comment_status":"closed","ping_status":"closed","template":"","meta":{"footnotes":""},"class_list":["post-13","page","type-page","status-publish","hentry"],"_links":{"self":[{"href":"https:\/\/www.raadconsulting.fr\/index.php\/wp-json\/wp\/v2\/pages\/13","targetHints":{"allow":["GET"]}}],"collection":[{"href":"https:\/\/www.raadconsulting.fr\/index.php\/wp-json\/wp\/v2\/pages"}],"about":[{"href":"https:\/\/www.raadconsulting.fr\/index.php\/wp-json\/wp\/v2\/types\/page"}],"author":[{"embeddable":true,"href":"https:\/\/www.raadconsulting.fr\/index.php\/wp-json\/wp\/v2\/users\/1"}],"replies":[{"embeddable":true,"href":"https:\/\/www.raadconsulting.fr\/index.php\/wp-json\/wp\/v2\/comments?post=13"}],"version-history":[{"count":1,"href":"https:\/\/www.raadconsulting.fr\/index.php\/wp-json\/wp\/v2\/pages\/13\/revisions"}],"predecessor-version":[{"id":14,"href":"https:\/\/www.raadconsulting.fr\/index.php\/wp-json\/wp\/v2\/pages\/13\/revisions\/14"}],"wp:attachment":[{"href":"https:\/\/www.raadconsulting.fr\/index.php\/wp-json\/wp\/v2\/media?parent=13"}],"curies":[{"name":"wp","href":"https:\/\/api.w.org\/{rel}","templated":true}]}}